{"id":9,"date":"2018-09-16T11:20:15","date_gmt":"2018-09-16T09:20:15","guid":{"rendered":"http:\/\/www.ibarcares.fr\/?page_id=9"},"modified":"2018-09-17T20:41:57","modified_gmt":"2018-09-17T18:41:57","slug":"contact","status":"publish","type":"page","link":"https:\/\/www.ibarcares.fr\/index.php\/contact\/","title":{"rendered":"Ibarcares"},"content":{"rendered":"<p>11 Boulevard de port.<br \/>\n19 r\u00e9sidence le m\u00e9diterran\u00e9e.<br \/>\n66420 LE BARCARES<br \/>\nT\u00e9l :\u00a0\u00a004.68.92.83.67<br \/>\nSms : 06.14.44.53.05<\/p>\n<p><iframe loading=\"lazy\" style=\"border: 0;\" src=\"https:\/\/www.google.com\/maps\/embed?pb=!1m19!1m8!1m3!1d1463.9093378540667!2d3.035922!3d42.792183!3m2!1i1024!2i768!4f13.1!4m8!3e0!4m0!4m5!1s0x12b060dd0c8c51c3%3A0x28d88c5f0d5dbdf2!2sIbarcar%C3%A8s%2C+R%C3%A9sidence+le+M%C3%A9diterran%C3%A9e%2C+11+Boulevard+du+Port%2C+66420+Le+Barcar%C3%A8s!3m2!1d42.7923641!2d3.0360771!5e0!3m2!1sfr!2sfr!4v1537105344241\" width=\"600\" height=\"450\" frameborder=\"0\" allowfullscreen=\"allowfullscreen\"><\/iframe><\/p>\n","protected":false},"excerpt":{"rendered":"<p>11 Boulevard de port. 19 r\u00e9sidence le m\u00e9diterran\u00e9e. 66420 LE BARCARES T\u00e9l :\u00a0\u00a004.68.92.83.67 Sms : 06.14.44.53.05<\/p>\n","protected":false},"author":1,"featured_media":49,"parent":0,"menu_order":0,"comment_status":"closed","ping_status":"closed","template":"","meta":{"footnotes":""},"class_list":["post-9","page","type-page","status-publish","has-post-thumbnail","hentry"],"_links":{"self":[{"href":"https:\/\/www.ibarcares.fr\/index.php\/wp-json\/wp\/v2\/pages\/9","targetHints":{"allow":["GET"]}}],"collection":[{"href":"https:\/\/www.ibarcares.fr\/index.php\/wp-json\/wp\/v2\/pages"}],"about":[{"href":"https:\/\/www.ibarcares.fr\/index.php\/wp-json\/wp\/v2\/types\/page"}],"author":[{"embeddable":true,"href":"https:\/\/www.ibarcares.fr\/index.php\/wp-json\/wp\/v2\/users\/1"}],"replies":[{"embeddable":true,"href":"https:\/\/www.ibarcares.fr\/index.php\/wp-json\/wp\/v2\/comments?post=9"}],"version-history":[{"count":12,"href":"https:\/\/www.ibarcares.fr\/index.php\/wp-json\/wp\/v2\/pages\/9\/revisions"}],"predecessor-version":[{"id":129,"href":"https:\/\/www.ibarcares.fr\/index.php\/wp-json\/wp\/v2\/pages\/9\/revisions\/129"}],"wp:featuredmedia":[{"embeddable":true,"href":"https:\/\/www.ibarcares.fr\/index.php\/wp-json\/wp\/v2\/media\/49"}],"wp:attachment":[{"href":"https:\/\/www.ibarcares.fr\/index.php\/wp-json\/wp\/v2\/media?parent=9"}],"curies":[{"name":"wp","href":"https:\/\/api.w.org\/{rel}","templated":true}]}}